{"id":1997,"date":"2025-06-16T14:37:34","date_gmt":"2025-06-16T14:37:34","guid":{"rendered":"https:\/\/lamas-siteweb.lokabook.ma\/?page_id=1997"},"modified":"2026-02-13T10:22:18","modified_gmt":"2026-02-13T10:22:18","slug":"mentions-legales","status":"publish","type":"page","link":"https:\/\/tech-lamas.ma\/ar\/mentions-legales\/","title":{"rendered":"\u0627\u0644\u0628\u064a\u0627\u0646\u0627\u062a \u0627\u0644\u0642\u0627\u0646\u0648\u0646\u064a\u0629"},"content":{"rendered":"<div data-elementor-type=\"wp-page\" data-elementor-id=\"1997\" class=\"elementor elementor-1997\" data-elementor-post-type=\"page\">\n\t\t\t\t<div class=\"elementor-element elementor-element-cae3056 e-flex e-con-boxed e-con e-parent\" data-id=\"cae3056\" data-element_type=\"container\" data-e-type=\"container\">\n\t\t\t\t\t<div class=\"e-con-inner\">\n\t\t\t\t<div class=\"elementor-element elementor-element-c695cda elementor-widget elementor-widget-heading\" data-id=\"c695cda\" data-element_type=\"widget\" data-e-type=\"widget\" data-no-translation=\"\" data-widget_type=\"heading.default\">\n\t\t\t\t\t<style>.elementor-element-c695cda{display:none !important}<\/style>\t\t\t\t<\/div>\n\t\t\t\t<div class=\"elementor-element elementor-element-8709d76 elementor-widget elementor-widget-heading\" data-id=\"8709d76\" data-element_type=\"widget\" data-e-type=\"widget\" data-no-translation=\"\" data-widget_type=\"heading.default\">\n\t\t\t\t\t<h2 class=\"elementor-heading-title elementor-size-default\">\u0627\u0644\u0634\u0631\u0648\u0637 \u0627\u0644\u0642\u0627\u0646\u0648\u0646\u064a\u0629<\/h2>\t\t\t\t<\/div>\n\t\t\t\t<div class=\"elementor-element elementor-element-aac7db7 elementor-widget elementor-widget-text-editor\" data-id=\"aac7db7\" data-element_type=\"widget\" data-e-type=\"widget\" data-no-translation=\"\" data-widget_type=\"text-editor.default\">\n\t\t\t\t\t<style>.elementor-element-aac7db7{display:none !important}<\/style>\t\t\t\t<\/div>\n\t\t\t\t<div class=\"elementor-element elementor-element-817555e elementor-widget elementor-widget-text-editor\" data-id=\"817555e\" data-element_type=\"widget\" data-e-type=\"widget\" data-no-translation=\"\" data-widget_type=\"text-editor.default\">\n\t\t\t\t\t\t\t\t\t<p><strong>\u0627\u0644\u0648\u0635\u0648\u0644 \u0648\u0627\u0644\u0627\u0633\u062a\u062e\u062f\u0627\u0645<\/strong><br \/>\u0625\u0645\u0643\u0627\u0646\u064a\u0629 \u0627\u0644\u0648\u0635\u0648\u0644 \u0625\u0644\u0649 \u0645\u0648\u0642\u0639 <strong>\u062a\u0639\u0627\u0636\u062f\u064a\u0629 \u0627\u0644\u0639\u0645\u0644 \u0627\u0644\u0627\u062c\u062a\u0645\u0627\u0639\u064a<\/strong> \u0645\u062a\u0627\u062d\u0629 \u0639\u0644\u0649 \u0645\u062f\u0627\u0631 24 \u0633\u0627\u0639\u0629 \u0641\u064a \u0627\u0644\u064a\u0648\u0645\u060c 7 \u0623\u064a\u0627\u0645 \u0641\u064a \u0627\u0644\u0623\u0633\u0628\u0648\u0639. \u0623\u064a \u0645\u062d\u0627\u0648\u0644\u0629 \u0644\u0644\u062a\u0644\u0627\u0639\u0628 \u0623\u0648 \u0627\u0644\u062a\u0633\u0628\u0628 \u0641\u064a \u062a\u0639\u0637\u064a\u0644 \u0646\u0638\u0627\u0645\u0646\u0627 \u0627\u0644\u0645\u0639\u0644\u0648\u0645\u0627\u062a\u064a \u064a\u0639\u0631\u0636 \u0635\u0627\u062d\u0628\u0647\u0627 \u0644\u0639\u0642\u0648\u0628\u0627\u062a \u0642\u0627\u0646\u0648\u0646\u064a\u0629.<\/p><p><strong>\u0627\u0644\u0645\u0644\u0643\u064a\u0629 \u0627\u0644\u0641\u0643\u0631\u064a\u0629 \u0644\u0644\u0645\u062d\u062a\u0648\u0649<\/strong><br \/>\u0645\u0627 \u0644\u0645 \u064a\u062a\u0645 \u0627\u0644\u062a\u0646\u0648\u064a\u0647 \u0628\u062e\u0644\u0627\u0641 \u0630\u0644\u0643\u060c \u062a\u0645\u062a\u0644\u0643 <strong>\u062a\u0639\u0627\u0636\u062f\u064a\u0629 \u0627\u0644\u0639\u0645\u0644 \u0627\u0644\u0627\u062c\u062a\u0645\u0627\u0639\u064a<\/strong> \u062d\u0642\u0648\u0642 \u0627\u0644\u0645\u0644\u0643\u064a\u0629 \u0627\u0644\u0641\u0643\u0631\u064a\u0629 \u0639\u0644\u0649 \u0643\u0627\u0641\u0629 \u0627\u0644\u0645\u062d\u062a\u0648\u064a\u0627\u062a \u0627\u0644\u0645\u062a\u0648\u0641\u0631\u0629 \u0639\u0644\u0649 \u0627\u0644\u0645\u0648\u0642\u0639\u060c \u0628\u0645\u0627 \u0641\u064a \u0630\u0644\u0643 \u0627\u0644\u0646\u0635\u0648\u0635\u060c \u0627\u0644\u0635\u0648\u0631\u060c \u0627\u0644\u0641\u064a\u062f\u064a\u0648\u0647\u0627\u062a\u060c \u0627\u0644\u062a\u0635\u0627\u0645\u064a\u0645\u060c \u0627\u0644\u0634\u0639\u0627\u0631\u0627\u062a \u0648\u0623\u064a \u0639\u0646\u0635\u0631 \u0622\u062e\u0631 \u064a\u062a\u0643\u0648\u0646 \u0645\u0646\u0647 \u0627\u0644\u0645\u0648\u0642\u0639. \u064a\u064f\u062d\u0638\u0631 \u0627\u0633\u062a\u062e\u062f\u0627\u0645 \u0645\u062d\u062a\u0648\u0649 \u0627\u0644\u0645\u0648\u0642\u0639 \u0628\u0634\u0643\u0644 \u063a\u064a\u0631 \u0645\u064f\u0635\u0631\u062d \u0628\u0647\u060c \u0648\u062e\u0627\u0635\u0629 \u0644\u0644\u0623\u063a\u0631\u0627\u0636 \u0627\u0644\u062a\u062c\u0627\u0631\u064a\u0629\u060c \u0648\u064a\u0645\u0643\u0646 \u0623\u0646 \u064a\u0624\u062f\u064a \u0630\u0644\u0643 \u0625\u0644\u0649 \u0627\u062a\u062e\u0627\u0630 \u0625\u062c\u0631\u0627\u0621\u0627\u062a \u0642\u0627\u0646\u0648\u0646\u064a\u0629. \u062a\u0633\u0645\u062d <strong>\u062a\u0639\u0627\u0636\u062f\u064a\u0629 \u0627\u0644\u0639\u0645\u0644 \u0627\u0644\u0627\u062c\u062a\u0645\u0627\u0639\u064a<\/strong> \u0644\u0623\u064a \u0645\u0648\u0642\u0639 \u0625\u0644\u0643\u062a\u0631\u0648\u0646\u064a \u0628\u0648\u0636\u0639 \u0631\u0627\u0628\u0637 \u064a\u0624\u062f\u064a \u0641\u0642\u0637 \u0625\u0644\u0649 \u0627\u0644\u0635\u0641\u062d\u0629 \u0627\u0644\u0631\u0626\u064a\u0633\u064a\u0629 \u0644\u0645\u0648\u0642\u0639\u0647\u0627.<\/p><p><strong>\u0637\u0627\u0628\u0639 \u0627\u0644\u0645\u0639\u0644\u0648\u0645\u0627\u062a \u0627\u0644\u0645\u062a\u0648\u0641\u0631\u0629 \u0639\u0644\u0649 \u0627\u0644\u0645\u0648\u0642\u0639<\/strong><br \/>\u0627\u0644\u0645\u0639\u0644\u0648\u0645\u0627\u062a \u0627\u0644\u0645\u0648\u062c\u0648\u062f\u0629 \u0639\u0644\u0649 \u0647\u0630\u0627 \u0627\u0644\u0645\u0648\u0642\u0639 \u0647\u064a \u0644\u0623\u063a\u0631\u0627\u0636 \u0625\u0631\u0634\u0627\u062f\u064a\u0629 \u0641\u0642\u0637. \u0644\u0627 \u064a\u0645\u0643\u0646 \u0636\u0645\u0627\u0646 \u0645\u062d\u062a\u0648\u0627\u0647\u0627 \u0623\u0648 \u062f\u0642\u062a\u0647\u0627. \u0647\u0630\u0647 \u0627\u0644\u0645\u0639\u0644\u0648\u0645\u0627\u062a \u0644\u0627 \u062a\u064f\u0644\u0632\u0645 <strong>\u062a\u0639\u0627\u0636\u062f\u064a\u0629 \u0627\u0644\u0639\u0645\u0644 \u0627\u0644\u0627\u062c\u062a\u0645\u0627\u0639\u064a<\/strong> \u0645\u0646 \u0627\u0644\u0646\u0627\u062d\u064a\u0629 \u0627\u0644\u062a\u0639\u0627\u0642\u062f\u064a\u0629. \u0648\u062a\u062a\u0646\u0635\u0644 <strong>\u062a\u0639\u0627\u0636\u062f\u064a\u0629 \u0627\u0644\u0639\u0645\u0644 \u0627\u0644\u0627\u062c\u062a\u0645\u0627\u0639\u064a<\/strong> \u0645\u0646 \u0623\u064a \u0645\u0633\u0624\u0648\u0644\u064a\u0629 \u0639\u0646 \u0627\u0644\u0642\u0631\u0627\u0631\u0627\u062a \u0627\u0644\u062a\u064a \u0642\u062f \u062a\u064f\u062a\u062e\u0630 \u0628\u0646\u0627\u0621\u064b \u0639\u0644\u0649 \u0647\u0630\u0647 \u0627\u0644\u0645\u0639\u0644\u0648\u0645\u0627\u062a.<\/p><p><strong>\u062d\u0645\u0627\u064a\u0629 \u0627\u0644\u0628\u064a\u0627\u0646\u0627\u062a \u0627\u0644\u0634\u062e\u0635\u064a\u0629<\/strong><br \/>\u0642\u062f \u064a\u064f\u0637\u0644\u0628 \u0645\u0646 \u0643\u0644 \u0645\u0633\u062a\u062e\u062f\u0645 \u0644\u0647\u0630\u0627 \u0627\u0644\u0645\u0648\u0642\u0639 \u062a\u0642\u062f\u064a\u0645 \u0645\u0639\u0644\u0648\u0645\u0627\u062a \u0634\u062e\u0635\u064a\u0629 \u0645\u062b\u0644 \u0627\u0644\u0627\u0633\u0645\u060c \u0627\u0644\u0644\u0642\u0628\u060c \u0628\u0637\u0627\u0642\u0629 \u0627\u0644\u0647\u0648\u064a\u0629 \u0627\u0644\u0648\u0637\u0646\u064a\u0629\u060c \u0648\u0639\u0646\u0648\u0627\u0646 \u0627\u0644\u0628\u0631\u064a\u062f \u0627\u0644\u0625\u0644\u0643\u062a\u0631\u0648\u0646\u064a. \u064a\u062a\u0645 \u062c\u0645\u0639 \u0647\u0630\u0647 \u0627\u0644\u0645\u0639\u0644\u0648\u0645\u0627\u062a \u0648\u0641\u0642\u064b\u0627 \u0644\u0644\u0642\u0627\u0646\u0648\u0646 09-08 \u0627\u0644\u0635\u0627\u062f\u0631 \u0641\u064a 18 \u0641\u0628\u0631\u0627\u064a\u0631 2009 \u0627\u0644\u0645\u062a\u0639\u0644\u0642 \u0628\u062d\u0645\u0627\u064a\u0629 \u0627\u0644\u0623\u0634\u062e\u0627\u0635 \u0627\u0644\u0637\u0628\u064a\u0639\u064a\u064a\u0646 \u0641\u064a\u0645\u0627 \u064a\u062e\u0635 \u0645\u0639\u0627\u0644\u062c\u0629 \u0627\u0644\u0628\u064a\u0627\u0646\u0627\u062a \u0627\u0644\u0634\u062e\u0635\u064a\u0629\u060c \u0648\u0647\u064a \u0636\u0631\u0648\u0631\u064a\u0629 \u0644\u062a\u062d\u062f\u064a\u062f \u0647\u0648\u064a\u062a\u0643 \u0648\u0645\u0646\u062d\u0643 \u0627\u0644\u0648\u0635\u0648\u0644 \u0625\u0644\u0649 \u0627\u0644\u062e\u062f\u0645\u0627\u062a \u0627\u0644\u0645\u062a\u0648\u0641\u0631\u0629 \u0639\u0628\u0631 \u0627\u0644\u0625\u0646\u062a\u0631\u0646\u062a. \u0642\u062f \u064a\u062a\u0645 \u0645\u0639\u0627\u0644\u062c\u0629 \u0647\u0630\u0647 \u0627\u0644\u0645\u0639\u0644\u0648\u0645\u0627\u062a \u0628\u0634\u0643\u0644 \u0622\u0644\u064a \u0648\u0647\u064a \u0645\u062e\u0635\u0635\u0629 \u0644\u0644\u0627\u0633\u062a\u062e\u062f\u0627\u0645 \u0627\u0644\u062d\u0635\u0631\u064a \u0644\u0640 <strong>\u062a\u0639\u0627\u0636\u062f\u064a\u0629 \u0627\u0644\u0639\u0645\u0644 \u0627\u0644\u0627\u062c\u062a\u0645\u0627\u0639\u064a<\/strong>\u060c \u0648\u0644\u0646 \u064a\u062a\u0645 \u0627\u0633\u062a\u062e\u062f\u0627\u0645\u0647\u0627 \u0644\u0623\u064a \u0623\u063a\u0631\u0627\u0636 \u0623\u062e\u0631\u0649 \u063a\u064a\u0631 \u0627\u0644\u062a\u064a \u062a\u0645 \u062c\u0645\u0639\u0647\u0627 \u0645\u0646 \u0623\u062c\u0644\u0647\u0627\u060c \u0648\u0644\u0646 \u062a\u064f\u0646\u0642\u0644 \u0625\u0644\u0649 \u0623\u0637\u0631\u0627\u0641 \u062b\u0627\u0644\u062b\u0629. \u062a\u0639\u062a\u0628\u0631 \u0645\u0639\u0644\u0648\u0645\u0627\u062a\u0643 \u0627\u0644\u0634\u062e\u0635\u064a\u0629 \u0645\u062d\u0645\u064a\u0629 \u0628\u0645\u0648\u062c\u0628 \u0623\u062d\u0643\u0627\u0645 \u0627\u0644\u0642\u0627\u0646\u0648\u0646 \u0627\u0644\u0645\u0630\u0643\u0648\u0631 \u0623\u0639\u0644\u0627\u0647\u060c \u0627\u0644\u0630\u064a \u064a\u0645\u0646\u062d\u0643 \u062d\u0642 \u0627\u0644\u062d\u0635\u0648\u0644 \u0639\u0644\u0649 \u0627\u0644\u0645\u0639\u0644\u0648\u0645\u0627\u062a\u060c \u0648\u062d\u0642 \u0627\u0644\u0648\u0635\u0648\u0644 \u0625\u0644\u0649 \u0628\u064a\u0627\u0646\u0627\u062a\u0643 \u0627\u0644\u0634\u062e\u0635\u064a\u0629\u060c \u0648\u062d\u0642 \u0627\u0644\u062a\u0635\u062d\u064a\u062d\u060c \u0648\u0623\u062e\u064a\u0631\u064b\u0627 \u062d\u0642 \u0627\u0644\u0627\u0639\u062a\u0631\u0627\u0636.<\/p><p><strong>\u0627\u0633\u062a\u062e\u062f\u0627\u0645 \u0627\u0644\u0643\u0648\u0643\u064a\u0632<\/strong><br \/>\u0623\u062b\u0646\u0627\u0621 \u0632\u064a\u0627\u0631\u062a\u0643 \u0644\u0647\u0630\u0627 \u0627\u0644\u0645\u0648\u0642\u0639 \u0627\u0644\u0625\u0644\u0643\u062a\u0631\u0648\u0646\u064a\u060c \u0642\u062f \u064a\u062a\u0645 \u062a\u062b\u0628\u064a\u062a \u0643\u0648\u0643\u064a\u0632 (\u0645\u0644\u0641\u0627\u062a \u062a\u0639\u0631\u064a\u0641 \u0627\u0644\u0627\u0631\u062a\u0628\u0627\u0637) \u062a\u0644\u0642\u0627\u0626\u064a\u064b\u0627 \u0639\u0644\u0649 \u0628\u0631\u0646\u0627\u0645\u062c \u0627\u0644\u062a\u0635\u0641\u062d \u0627\u0644\u062e\u0627\u0635 \u0628\u0643 \u0648\u062a\u062e\u0632\u064a\u0646\u0647\u0627 \u0645\u0624\u0642\u062a\u064b\u0627 \u0639\u0644\u0649 \u0627\u0644\u0630\u0627\u0643\u0631\u0629 \u0641\u064a \u0627\u0644\u0642\u0631\u0635 \u0627\u0644\u0635\u0644\u0628 \u0644\u062c\u0647\u0627\u0632 \u0627\u0644\u0643\u0645\u0628\u064a\u0648\u062a\u0631 \u0627\u0644\u062e\u0627\u0635 \u0628\u0643. \u0627\u0644\u0643\u0648\u0643\u064a\u0632 \u0644\u0627 \u062a\u0645\u0643\u0646 \u0645\u0646 \u0627\u0644\u062a\u0639\u0631\u0641 \u0639\u0644\u064a\u0643 \u0634\u062e\u0635\u064a\u064b\u0627\u060c \u0628\u0644 \u062a\u064f\u0633\u062a\u062e\u062f\u0645 \u0644\u062a\u0633\u062c\u064a\u0644 \u0627\u0644\u0645\u0639\u0644\u0648\u0645\u0627\u062a \u0627\u0644\u0645\u062a\u0639\u0644\u0642\u0629 \u0628\u062a\u0635\u0641\u062d\u0643 \u0644\u0644\u0645\u0648\u0642\u0639. \u0641\u064a \u0623\u064a \u062d\u0627\u0644 \u0645\u0646 \u0627\u0644\u0623\u062d\u0648\u0627\u0644\u060c \u0644\u0627 \u062a\u0647\u062f\u0641 \u0627\u0644\u0643\u0648\u0643\u064a\u0632 \u0625\u0644\u0649 \u062c\u0645\u0639 \u0645\u0639\u0644\u0648\u0645\u0627\u062a \u0634\u062e\u0635\u064a\u0629 \u0645\u062d\u062f\u062f\u0629 \u062a\u062a\u0639\u0644\u0642 \u0628\u0627\u0644\u0623\u0634\u062e\u0627\u0635 \u0627\u0644\u0645\u062a\u0635\u0644\u064a\u0646 \u0628\u0647\u0630\u0627 \u0627\u0644\u0645\u0648\u0642\u0639. \u064a\u0645\u0643\u0646\u0643 \u062a\u0639\u0637\u064a\u0644 \u0627\u0644\u0643\u0648\u0643\u064a\u0632 \u0639\u0628\u0631 \u0625\u0639\u062f\u0627\u062f\u0627\u062a \u0628\u0631\u0646\u0627\u0645\u062c \u0627\u0644\u062a\u0635\u0641\u062d \u0627\u0644\u062e\u0627\u0635 \u0628\u0643\u060c \u0645\u0646 \u062e\u0644\u0627\u0644 \u062a\u0639\u062f\u064a\u0644 \u0627\u0644\u062e\u064a\u0627\u0631\u0627\u062a \u0641\u064a \u0628\u0631\u0646\u0627\u0645\u062c \u0627\u0644\u062a\u0635\u0641\u062d \u0627\u0644\u0645\u0648\u062c\u0648\u062f \u0639\u0644\u0649 \u062c\u0647\u0627\u0632\u0643. \u0648\u0645\u0639 \u0630\u0644\u0643\u060c \u0625\u0630\u0627 \u0643\u0627\u0646\u062a \u0628\u0631\u0627\u0645\u062c \u0627\u0644\u062a\u0635\u0641\u062d \u0639\u0644\u0649 \u062c\u0647\u0627\u0632\u0643 \u0645\u064f\u0639\u062f\u0629 \u0644\u0631\u0641\u0636 \u0627\u0644\u0643\u0648\u0643\u064a\u0632\u060c \u0641\u0642\u062f \u062a\u062c\u062f \u0635\u0639\u0648\u0628\u0629 \u0641\u064a \u0627\u0644\u0648\u0635\u0648\u0644 \u0625\u0644\u0649 \u0628\u0639\u0636 \u062e\u062f\u0645\u0627\u062a \u0647\u0630\u0627 \u0627\u0644\u0645\u0648\u0642\u0639 \u0623\u0648 \u0642\u062f \u0644\u0627 \u062a\u062a\u0645\u0643\u0646 \u0645\u0646 \u0627\u0633\u062a\u062e\u062f\u0627\u0645\u0647\u0627 \u0639\u0644\u0649 \u0627\u0644\u0625\u0637\u0644\u0627\u0642.<\/p><p><strong>\u0633\u064a\u0627\u0633\u0629 \u0627\u0644\u062e\u0635\u0648\u0635\u064a\u0629 \u0644\u062a\u0637\u0628\u064a\u0642 \u0627\u0644\u0647\u0627\u062a\u0641 \u0627\u0644\u0645\u062d\u0645\u0648\u0644 \u0644\u0644\u062a\u0639\u0627\u0636\u062f\u064a\u0629<\/strong><\/p><p>\u064a\u0642\u0648\u0645 \u062a\u0637\u0628\u064a\u0642 \u0627\u0644\u0647\u0627\u062a\u0641 \u0627\u0644\u0645\u062d\u0645\u0648\u0644 \u0644\u0644\u062a\u0639\u0627\u0636\u062f\u064a\u0629 \u0627\u0644\u0639\u0627\u0645\u0629 \u0644\u0644\u0639\u0645\u0644 \u0627\u0644\u0627\u062c\u062a\u0645\u0627\u0639\u064a (MAS) \u0628\u062c\u0645\u0639 \u0648\u0645\u0639\u0627\u0644\u062c\u0629 \u0628\u064a\u0627\u0646\u0627\u062a\u0643 \u0627\u0644\u0634\u062e\u0635\u064a\u0629 (\u0631\u0642\u0645 \u0628\u0637\u0627\u0642\u0629 \u0627\u0644\u062a\u0639\u0631\u064a\u0641 \u0627\u0644\u0648\u0637\u0646\u064a\u0629\u060c \u0631\u0642\u0645 \u0627\u0644\u0645\u0646\u062e\u0631\u0637\u060c \u0627\u0644\u0628\u0631\u064a\u062f \u0627\u0644\u0625\u0644\u0643\u062a\u0631\u0648\u0646\u064a\u060c \u0631\u0642\u0645 \u0627\u0644\u0647\u0627\u062a\u0641\u060c \u0645\u0639\u0631\u0641\u0627\u062a \u062a\u0633\u062c\u064a\u0644 \u0627\u0644\u062f\u062e\u0648\u0644\u060c \u0639\u0646\u0648\u0627\u0646 IP\u060c \u0646\u0648\u0639 \u0627\u0644\u062c\u0647\u0627\u0632 \u0648\u0645\u0639\u0644\u0648\u0645\u0627\u062a \u0627\u0644\u062f\u0641\u0639) \u0628\u0647\u062f\u0641 \u0625\u062f\u0627\u0631\u0629 \u062d\u0633\u0627\u0628 \u0627\u0644\u0645\u0646\u062e\u0631\u0637 \u0627\u0644\u062e\u0627\u0635 \u0628\u0643\u060c \u0645\u0639\u0627\u0644\u062c\u0629 \u0645\u062f\u0641\u0648\u0639\u0627\u062a \u0627\u0634\u062a\u0631\u0627\u0643\u0627\u062a\u0643\u060c \u062a\u0632\u0648\u064a\u062f\u0643 \u0628\u0645\u0639\u0644\u0648\u0645\u0627\u062a \u062d\u0648\u0644 \u062e\u062f\u0645\u0627\u062a\u0643 \u0648\u0636\u0645\u0627\u0646 \u0623\u0645\u0646 \u062e\u062f\u0645\u0627\u062a\u0646\u0627. \u064a\u062a\u0637\u0644\u0628 \u0627\u0644\u062a\u0637\u0628\u064a\u0642 \u0627\u062a\u0635\u0627\u0644\u0627\u064b \u0625\u0644\u0632\u0627\u0645\u064a\u0627\u064b \u0628\u0627\u0644\u0625\u0646\u062a\u0631\u0646\u062a \u0648\u064a\u0645\u0643\u0646\u0647\u060c \u0628\u0625\u0630\u0646 \u0645\u0646\u0643\u060c \u0627\u0644\u0648\u0635\u0648\u0644 \u0625\u0644\u0649 \u0627\u0644\u0643\u0627\u0645\u064a\u0631\u0627 \u0644\u0645\u0633\u062d \u0627\u0644\u0645\u0633\u062a\u0646\u062f\u0627\u062a \u0636\u0648\u0626\u064a\u0627\u064b. \u0646\u062d\u0646 \u0644\u0627 \u0646\u0628\u064a\u0639 \u0623\u0628\u062f\u0627\u064b \u0628\u064a\u0627\u0646\u0627\u062a\u0643 \u0627\u0644\u0634\u062e\u0635\u064a\u0629 \u0648\u0644\u0627 \u0646\u0634\u0627\u0631\u0643\u0647\u0627 \u0625\u0644\u0627 \u0645\u0639 \u0645\u0642\u062f\u0645\u064a \u0627\u0644\u062e\u062f\u0645\u0627\u062a \u0627\u0644\u0623\u0633\u0627\u0633\u064a\u064a\u0646 \u0644\u062f\u064a\u0646\u0627 (\u0627\u0633\u062a\u0636\u0627\u0641\u0629 OVH\u060c \u062e\u062f\u0645\u0627\u062a \u0627\u0644\u062f\u0641\u0639 \u0627\u0644\u0622\u0645\u0646\u0629) \u0648\u0627\u0644\u0645\u0624\u0633\u0633\u0627\u062a \u0627\u0644\u0635\u062d\u064a\u0629 \u0627\u0644\u0634\u0631\u064a\u0643\u0629 \u0644\u0645\u0639\u0627\u0644\u062c\u0629 \u062e\u062f\u0645\u0627\u062a\u0643 \u0627\u0644\u0637\u0628\u064a\u0629. \u062c\u0645\u064a\u0639 \u0627\u0644\u0627\u062a\u0635\u0627\u0644\u0627\u062a \u0645\u062d\u0645\u064a\u0629 \u0628\u062a\u0634\u0641\u064a\u0631 SSL\/TLS \u0648\u064a\u062a\u0645 \u062a\u062e\u0632\u064a\u0646 \u0628\u064a\u0627\u0646\u0627\u062a\u0643 \u0639\u0644\u0649 \u062e\u0648\u0627\u062f\u0645 \u0622\u0645\u0646\u0629 \u0641\u064a \u0627\u0644\u0645\u063a\u0631\u0628. \u0648\u0641\u0642\u0627\u064b \u0644\u0644\u0642\u0627\u0646\u0648\u0646 \u0627\u0644\u0645\u063a\u0631\u0628\u064a 09-08 \u0627\u0644\u0645\u062a\u0639\u0644\u0642 \u0628\u062d\u0645\u0627\u064a\u0629 \u0627\u0644\u0628\u064a\u0627\u0646\u0627\u062a \u0627\u0644\u0634\u062e\u0635\u064a\u0629\u060c \u0644\u062f\u064a\u0643 \u0627\u0644\u062d\u0642 \u0641\u064a \u0627\u0644\u0648\u0635\u0648\u0644 \u0625\u0644\u0649 \u0628\u064a\u0627\u0646\u0627\u062a\u0643 \u0648\u062a\u0635\u062d\u064a\u062d\u0647\u0627 \u0648\u0627\u0644\u0627\u0639\u062a\u0631\u0627\u0636 \u0639\u0644\u064a\u0647\u0627 \u0648\u062d\u0630\u0641\u0647\u0627. \u0646\u062d\u062a\u0641\u0638 \u0628\u0628\u064a\u0627\u0646\u0627\u062a \u062d\u0633\u0627\u0628\u0643 \u0637\u0648\u0627\u0644 \u0645\u062f\u0629 \u0627\u0646\u062e\u0631\u0627\u0637\u0643 \u0628\u0627\u0644\u0625\u0636\u0627\u0641\u0629 \u0625\u0644\u0649 5 \u0633\u0646\u0648\u0627\u062a \u0644\u0627\u062d\u062a\u0631\u0627\u0645 \u0627\u0644\u062a\u0632\u0627\u0645\u0627\u062a\u0646\u0627 \u0627\u0644\u0642\u0627\u0646\u0648\u0646\u064a\u0629\u060c \u0648\u0628\u064a\u0627\u0646\u0627\u062a \u0627\u0644\u062f\u0641\u0639 \u0644\u0645\u062f\u0629 10 \u0633\u0646\u0648\u0627\u062a \u0648\u0641\u0642\u0627\u064b \u0644\u0644\u0627\u0644\u062a\u0632\u0627\u0645\u0627\u062a \u0627\u0644\u0645\u062d\u0627\u0633\u0628\u064a\u0629. \u0644\u0645\u0645\u0627\u0631\u0633\u0629 \u062d\u0642\u0648\u0642\u0643 \u0623\u0648 \u0644\u0623\u064a \u0633\u0624\u0627\u0644 \u064a\u062a\u0639\u0644\u0642 \u0628\u0647\u0630\u0647 \u0627\u0644\u0633\u064a\u0627\u0633\u0629\u060c \u064a\u0645\u0643\u0646\u0643 \u0627\u0644\u0627\u062a\u0635\u0627\u0644 \u0628\u0646\u0627 \u0639\u0644\u0649: contact@lamas.ma\u060c \u0639\u0628\u0631 \u0627\u0644\u0647\u0627\u062a\u0641 \u0639\u0644\u0649 05 22 45 03 21 \/ 05 22 45 02 38\u060c \u0623\u0648 \u0628\u0627\u0644\u0628\u0631\u064a\u062f \u0639\u0644\u0649 \u0627\u0644\u0639\u0646\u0648\u0627\u0646: 141\u060c \u0628\u0648\u0644\u064a\u0641\u0627\u0631\u062f \u0627\u0628\u0646 \u062a\u0627\u0634\u0641\u064a\u0646\u060c \u0627\u0644\u062f\u0627\u0631 \u0627\u0644\u0628\u064a\u0636\u0627\u0621. \u064a\u0645\u0643\u0646 \u062a\u0639\u062f\u064a\u0644 \u0647\u0630\u0647 \u0627\u0644\u0633\u064a\u0627\u0633\u0629 \u0641\u064a \u0623\u064a \u0648\u0642\u062a\u060c \u0648\u0633\u064a\u062a\u0645 \u0625\u062e\u0637\u0627\u0631\u0643 \u0628\u0623\u064a \u062a\u0639\u062f\u064a\u0644 \u0639\u0628\u0631 \u0627\u0644\u062a\u0637\u0628\u064a\u0642 \u0645\u0639 \u062a\u0627\u0631\u064a\u062e \u0627\u0644\u062a\u062d\u062f\u064a\u062b. \u0622\u062e\u0631 \u062a\u062d\u062f\u064a\u062b: 01 \u0623\u0643\u062a\u0648\u0628\u0631 2025.<\/p><p>\u00a0<\/p>\t\t\t\t\t\t\t\t<\/div>\n\t\t\t\t\t<\/div>\n\t\t\t\t<\/div>\n\t\t\t\t<\/div>","protected":false},"excerpt":{"rendered":"<p>Acc\u00e8s et utilisation L\u2019acc\u00e8s au site de la MAS est possible 24h\/24 et 7j\/7. Toute tentative d\u2019entraver ou de fausser le fonctionnement de notre syst\u00e8me d\u2019information est passible de sanctions p\u00e9nales. Propri\u00e9t\u00e9 intellectuelle du contenu Sauf mention contraire, la MAS est titulaire des droits d&rsquo;auteur sur tout le contenu figurant sur le site, notamment les [&hellip;]<\/p>\n","protected":false},"author":1,"featured_media":0,"parent":0,"menu_order":0,"comment_status":"closed","ping_status":"closed","template":"elementor_header_footer","meta":{"_acf_changed":false,"footnotes":""},"class_list":["post-1997","page","type-page","status-publish","hentry"],"acf":[],"_links":{"self":[{"href":"https:\/\/tech-lamas.ma\/ar\/wp-json\/wp\/v2\/pages\/1997","targetHints":{"allow":["GET"]}}],"collection":[{"href":"https:\/\/tech-lamas.ma\/ar\/wp-json\/wp\/v2\/pages"}],"about":[{"href":"https:\/\/tech-lamas.ma\/ar\/wp-json\/wp\/v2\/types\/page"}],"author":[{"embeddable":true,"href":"https:\/\/tech-lamas.ma\/ar\/wp-json\/wp\/v2\/users\/1"}],"replies":[{"embeddable":true,"href":"https:\/\/tech-lamas.ma\/ar\/wp-json\/wp\/v2\/comments?post=1997"}],"version-history":[{"count":30,"href":"https:\/\/tech-lamas.ma\/ar\/wp-json\/wp\/v2\/pages\/1997\/revisions"}],"predecessor-version":[{"id":4108,"href":"https:\/\/tech-lamas.ma\/ar\/wp-json\/wp\/v2\/pages\/1997\/revisions\/4108"}],"wp:attachment":[{"href":"https:\/\/tech-lamas.ma\/ar\/wp-json\/wp\/v2\/media?parent=1997"}],"curies":[{"name":"wp","href":"https:\/\/api.w.org\/{rel}","templated":true}]}}